{"id":57,"date":"2025-02-12T13:58:41","date_gmt":"2025-02-12T19:58:41","guid":{"rendered":"https:\/\/tumejorversion.com.gt\/?page_id=57"},"modified":"2025-04-16T21:44:21","modified_gmt":"2025-04-17T03:44:21","slug":"quienes-somos","status":"publish","type":"page","link":"https:\/\/tumejorversion.com.gt\/index.php\/quienes-somos\/","title":{"rendered":"Qui\u00e9nes Somos"},"content":{"rendered":"\n<figure class=\"wp-block-gallery aligncenter has-nested-images columns-default is-cropped wp-block-gallery-1 is-layout-flex wp-block-gallery-is-layout-flex\">\n<figure class=\"wp-block-image size-large has-custom-border\"><img decoding=\"async\" src=\"https:\/\/media-gua1-1.cdn.whatsapp.net\/v\/t61.24694-24\/489402991_1036369141749297_7976086853060676371_n.jpg?ccb=11-4&amp;oh=01_Q5Aa1QHoURSvEz3wQQpKMqbYsGOSq1xzSf1GLiRdLiJaWwDh4g&amp;oe=680D9FB4&amp;_nc_sid=5e03e0&amp;_nc_cat=101\" style=\"border-radius:100px\"\/><\/figure>\n<\/figure>\n\n\n\n<p class=\"has-text-align-left\">Esta es una iniciativa realizada por nuestra CEO y Manager Diana Sosa, quien tras a\u00f1os de formaci\u00f3n, ha encontrado una manera f\u00e1cil de comunicaci\u00f3n con quienes necesitan apoyo para descubrir su potencial y encontrar el camino para mejorar sus vidas, tanto a nivel personal, profesional y familiar.<\/p>\n\n\n\n<p><\/p>\n\n\n\n<p><\/p>\n","protected":false},"excerpt":{"rendered":"<p>Esta es una iniciativa realizada por nuestra CEO y Manager Diana Sosa, quien tras a\u00f1os de formaci\u00f3n, ha encontrado una manera f\u00e1cil de comunicaci\u00f3n con quienes necesitan apoyo para descubrir su potencial y encontrar el camino para mejorar sus vidas, tanto a nivel personal, profesional y familiar.<\/p>\n","protected":false},"author":1,"featured_media":0,"parent":0,"menu_order":0,"comment_status":"closed","ping_status":"closed","template":"","meta":{"footnotes":""},"class_list":["post-57","page","type-page","status-publish","hentry"],"_links":{"self":[{"href":"https:\/\/tumejorversion.com.gt\/index.php\/wp-json\/wp\/v2\/pages\/57","targetHints":{"allow":["GET"]}}],"collection":[{"href":"https:\/\/tumejorversion.com.gt\/index.php\/wp-json\/wp\/v2\/pages"}],"about":[{"href":"https:\/\/tumejorversion.com.gt\/index.php\/wp-json\/wp\/v2\/types\/page"}],"author":[{"embeddable":true,"href":"https:\/\/tumejorversion.com.gt\/index.php\/wp-json\/wp\/v2\/users\/1"}],"replies":[{"embeddable":true,"href":"https:\/\/tumejorversion.com.gt\/index.php\/wp-json\/wp\/v2\/comments?post=57"}],"version-history":[{"count":7,"href":"https:\/\/tumejorversion.com.gt\/index.php\/wp-json\/wp\/v2\/pages\/57\/revisions"}],"predecessor-version":[{"id":174,"href":"https:\/\/tumejorversion.com.gt\/index.php\/wp-json\/wp\/v2\/pages\/57\/revisions\/174"}],"wp:attachment":[{"href":"https:\/\/tumejorversion.com.gt\/index.php\/wp-json\/wp\/v2\/media?parent=57"}],"curies":[{"name":"wp","href":"https:\/\/api.w.org\/{rel}","templated":true}]}}